{"id":779,"date":"2022-06-19T15:51:42","date_gmt":"2022-06-19T13:51:42","guid":{"rendered":"http:\/\/kalfaoglu.com\/wp\/?post_type=product&#038;p=779"},"modified":"2022-06-19T17:11:28","modified_gmt":"2022-06-19T15:11:28","slug":"televu-barrel-extender","status":"publish","type":"product","link":"https:\/\/kalfaoglu.com\/wp\/urun\/televu-barrel-extender\/","title":{"rendered":"Televu Barrel Extender"},"content":{"rendered":"<p>Televu okuler uzatma par\u00e7as\u0131. az kullan\u0131lm\u0131\u015f<\/p>\n<p>\u00dcr\u00fcn A\u00e7\u0131klamas\u0131:<\/p>\n<p>Teleskop \u00e7ekme borusu uzant\u0131lar\u0131, bir\u00e7ok g\u00f6r\u00fcnt\u00fcleme uygulamas\u0131nda oldu\u011fu gibi, bir diyagonal kullanmad\u0131\u011f\u0131n\u0131zda teleskopunuzun odak noktas\u0131na ula\u015fmas\u0131na yard\u0131mc\u0131 olur. Yak\u0131nlardaki karasal nesnelere odaklanmak i\u00e7in daha fazla seyahate ihtiyac\u0131n\u0131z oldu\u011funda da kullan\u0131\u015fl\u0131d\u0131rlar (diyagonalli veya \u00e7aprazs\u0131z).<\/p>\n<p>TeleVue&#8217;nin uzatma t\u00fcpleri, herhangi bir teleskopun 2&#8243; \u00e7ekme borusuna tak\u0131l\u0131r ve aksesuar varillerinin bozulmas\u0131n\u0131 \u00f6nlemek i\u00e7in pirin\u00e7 kelep\u00e7e halkalar\u0131 i\u00e7erir.<\/p>\n","protected":false},"excerpt":{"rendered":"<p>Televu okuler uzatma par\u00e7as\u0131. az kullan\u0131lm\u0131\u015f<\/p>\n<p>&nbsp; <a href=\"https:\/\/kalfaoglu.com\/wp\/urun\/televu-barrel-extender\/\">Continue reading <span class=\"meta-nav\">&rarr;<\/span><\/a><\/p>\n","protected":false},"featured_media":781,"comment_status":"open","ping_status":"closed","template":"","meta":[],"product_brand":[],"product_cat":[26],"product_tag":[],"class_list":{"0":"post-779","1":"product","2":"type-product","3":"status-publish","4":"has-post-thumbnail","6":"product_cat-teleskop","8":"first","9":"instock","10":"shipping-taxable","11":"purchasable","12":"product-type-simple"},"jetpack-related-posts":[],"jetpack_sharing_enabled":true,"_links":{"self":[{"href":"https:\/\/kalfaoglu.com\/wp\/wp-json\/wp\/v2\/product\/779","targetHints":{"allow":["GET"]}}],"collection":[{"href":"https:\/\/kalfaoglu.com\/wp\/wp-json\/wp\/v2\/product"}],"about":[{"href":"https:\/\/kalfaoglu.com\/wp\/wp-json\/wp\/v2\/types\/product"}],"replies":[{"embeddable":true,"href":"https:\/\/kalfaoglu.com\/wp\/wp-json\/wp\/v2\/comments?post=779"}],"wp:featuredmedia":[{"embeddable":true,"href":"https:\/\/kalfaoglu.com\/wp\/wp-json\/wp\/v2\/media\/781"}],"wp:attachment":[{"href":"https:\/\/kalfaoglu.com\/wp\/wp-json\/wp\/v2\/media?parent=779"}],"wp:term":[{"taxonomy":"product_brand","embeddable":true,"href":"https:\/\/kalfaoglu.com\/wp\/wp-json\/wp\/v2\/product_brand?post=779"},{"taxonomy":"product_cat","embeddable":true,"href":"https:\/\/kalfaoglu.com\/wp\/wp-json\/wp\/v2\/product_cat?post=779"},{"taxonomy":"product_tag","embeddable":true,"href":"https:\/\/kalfaoglu.com\/wp\/wp-json\/wp\/v2\/product_tag?post=779"}],"curies":[{"name":"wp","href":"https:\/\/api.w.org\/{rel}","templated":true}]}}