{"id":783,"date":"2022-06-19T15:56:46","date_gmt":"2022-06-19T13:56:46","guid":{"rendered":"http:\/\/kalfaoglu.com\/wp\/?post_type=product&#038;p=783"},"modified":"2022-06-19T17:11:00","modified_gmt":"2022-06-19T15:11:00","slug":"meade-illuminated-reticle-isiklandirilmis-hedef-okuleri","status":"publish","type":"product","link":"https:\/\/kalfaoglu.com\/wp\/urun\/meade-illuminated-reticle-isiklandirilmis-hedef-okuleri\/","title":{"rendered":"Meade Illuminated Reticle &#8211; \u0131\u015f\u0131kland\u0131r\u0131lm\u0131\u015f hedef ok\u00fcleri"},"content":{"rendered":"<p>Parlakl\u0131\u011f\u0131 ayarlanabilir LED ile izlenecek\/takip edilecek nesnenin \u00fcst\u00fcnde bir art\u0131 i\u015fareti \u00e7\u0131kar ve o nesneyi hep ortada tutabilirsiniz.<\/p>\n<p>Uzun pozlamal\u0131 astrofotografi s\u0131ras\u0131nda k\u0131lavuzluk etmenin yan\u0131 s\u0131ra \u00f6l\u00e7\u00fcm yapmak i\u00e7in kullan\u0131lan bu \u00f6zel ama\u00e7l\u0131 mercek, ayd\u0131nlat\u0131lm\u0131\u015f art\u0131 i\u015faretlerine sahiptir, b\u00f6ylece \u00e7izgiler karanl\u0131k bir g\u00f6ky\u00fcz\u00fcne kar\u015f\u0131 net bir \u015fekilde g\u00f6r\u00fclebilir. Meade Eksen D\u0131\u015f\u0131 Y\u00f6nlendirici ile veya do\u011frudan bir diyagonal veya mercek tutucuda kullan\u0131labilir.<\/p>\n<p>Bu y\u00fcksek hassasiyetli mercek, a\u00e7\u0131lar\u0131n ve mesafelerin astronomik \u00f6l\u00e7\u00fcmlerini yapmak i\u00e7in d\u00f6rt farkl\u0131 \u0131\u015f\u0131kl\u0131 skalaya sahiptir. Gece g\u00f6r\u00fc\u015f\u00fc, k\u0131rm\u0131z\u0131 LED ayd\u0131nlatmay\u0131 korur ve konfor i\u00e7in kau\u00e7uk g\u00f6z korumas\u0131 ve dikkat da\u011f\u0131tan ba\u015f\u0131bo\u015f \u0131\u015f\u0131\u011f\u0131 engeller. Tamamen kaplanm\u0131\u015f optikler. De\u011fi\u015fken parlakl\u0131k kadran\u0131na sahiptir. az kullan\u0131lm\u0131\u015ft\u0131r komple faal \u00e7al\u0131\u015f\u0131r.<\/p>\n","protected":false},"excerpt":{"rendered":"<p>Parlakl\u0131\u011f\u0131 ayarlanabilir LED ile izlenecek\/takip edilecek nesnenin \u00fcst\u00fcnde bir art\u0131 i\u015fareti \u00e7\u0131kar ve o nesneyi hep ortada tutabilirsiniz. <a href=\"https:\/\/kalfaoglu.com\/wp\/urun\/meade-illuminated-reticle-isiklandirilmis-hedef-okuleri\/\">Continue reading <span class=\"meta-nav\">&rarr;<\/span><\/a><\/p>\n","protected":false},"featured_media":784,"comment_status":"open","ping_status":"closed","template":"","meta":[],"product_brand":[],"product_cat":[26],"product_tag":[],"class_list":{"0":"post-783","1":"product","2":"type-product","3":"status-publish","4":"has-post-thumbnail","6":"product_cat-teleskop","8":"first","9":"instock","10":"shipping-taxable","11":"purchasable","12":"product-type-simple"},"jetpack-related-posts":[],"jetpack_sharing_enabled":true,"_links":{"self":[{"href":"https:\/\/kalfaoglu.com\/wp\/wp-json\/wp\/v2\/product\/783","targetHints":{"allow":["GET"]}}],"collection":[{"href":"https:\/\/kalfaoglu.com\/wp\/wp-json\/wp\/v2\/product"}],"about":[{"href":"https:\/\/kalfaoglu.com\/wp\/wp-json\/wp\/v2\/types\/product"}],"replies":[{"embeddable":true,"href":"https:\/\/kalfaoglu.com\/wp\/wp-json\/wp\/v2\/comments?post=783"}],"wp:featuredmedia":[{"embeddable":true,"href":"https:\/\/kalfaoglu.com\/wp\/wp-json\/wp\/v2\/media\/784"}],"wp:attachment":[{"href":"https:\/\/kalfaoglu.com\/wp\/wp-json\/wp\/v2\/media?parent=783"}],"wp:term":[{"taxonomy":"product_brand","embeddable":true,"href":"https:\/\/kalfaoglu.com\/wp\/wp-json\/wp\/v2\/product_brand?post=783"},{"taxonomy":"product_cat","embeddable":true,"href":"https:\/\/kalfaoglu.com\/wp\/wp-json\/wp\/v2\/product_cat?post=783"},{"taxonomy":"product_tag","embeddable":true,"href":"https:\/\/kalfaoglu.com\/wp\/wp-json\/wp\/v2\/product_tag?post=783"}],"curies":[{"name":"wp","href":"https:\/\/api.w.org\/{rel}","templated":true}]}}