{"id":816,"date":"2022-06-19T17:54:30","date_gmt":"2022-06-19T15:54:30","guid":{"rendered":"http:\/\/kalfaoglu.com\/wp\/?post_type=product&#038;p=816"},"modified":"2022-06-19T17:54:30","modified_gmt":"2022-06-19T15:54:30","slug":"robo-focus-otomatik-netlik-sistemi","status":"publish","type":"product","link":"https:\/\/kalfaoglu.com\/wp\/urun\/robo-focus-otomatik-netlik-sistemi\/","title":{"rendered":"Robo Focus: Otomatik Netlik Sistemi"},"content":{"rendered":"<p>Teleskoptan gelen komutlara g\u00f6re otomatik ve s\u00fcrekli netlik ayar\u0131 yapabilen sistem.<br \/>\nMeade LX200-GPS i\u00e7in adapt\u00f6rle gelir ancak farkl\u0131 teleskoplara da kolayca adapte edilebilir. Az kullan\u0131lm\u0131\u015f faal ve iyi durumdad\u0131r.<\/p>\n<p>\u00d6zel teleskop\/odaklay\u0131c\u0131n\u0131z \u00fczerinde kuruluma ve \u00e7al\u0131\u015fmaya haz\u0131r eksiksiz RoboFocus sistemi. Sistem, \u00f6zel tasarlanm\u0131\u015f step motor, RF3 kontrol mod\u00fcl\u00fc, montaj donan\u0131m\u0131 (braketler, mil kupl\u00f6r\u00fc ve\/veya zamanlama di\u015flisi), kablolar, PC yaz\u0131l\u0131m\u0131 (CD&#8217;de) ve kapsaml\u0131 kullan\u0131m k\u0131lavuzu i\u00e7erir.<\/p>\n","protected":false},"excerpt":{"rendered":"<p>Teleskoptan gelen komutlara g\u00f6re otomatik ve s\u00fcrekli netlik ayar\u0131 yapabilen sistem.<br \/>\nMeade LX200-GPS i\u00e7in adapt\u00f6rle gelir ancak farkl\u0131 teleskoplara da kolayca adapte edilebilir. Az kullan\u0131lm\u0131\u015f faal ve iyi durumdad\u0131r. <a href=\"https:\/\/kalfaoglu.com\/wp\/urun\/robo-focus-otomatik-netlik-sistemi\/\">Continue reading <span class=\"meta-nav\">&rarr;<\/span><\/a><\/p>\n","protected":false},"featured_media":818,"comment_status":"open","ping_status":"closed","template":"","meta":[],"product_brand":[],"product_cat":[26],"product_tag":[],"class_list":{"0":"post-816","1":"product","2":"type-product","3":"status-publish","4":"has-post-thumbnail","6":"product_cat-teleskop","8":"first","9":"instock","10":"shipping-taxable","11":"purchasable","12":"product-type-simple"},"jetpack-related-posts":[],"jetpack_sharing_enabled":true,"_links":{"self":[{"href":"https:\/\/kalfaoglu.com\/wp\/wp-json\/wp\/v2\/product\/816","targetHints":{"allow":["GET"]}}],"collection":[{"href":"https:\/\/kalfaoglu.com\/wp\/wp-json\/wp\/v2\/product"}],"about":[{"href":"https:\/\/kalfaoglu.com\/wp\/wp-json\/wp\/v2\/types\/product"}],"replies":[{"embeddable":true,"href":"https:\/\/kalfaoglu.com\/wp\/wp-json\/wp\/v2\/comments?post=816"}],"wp:featuredmedia":[{"embeddable":true,"href":"https:\/\/kalfaoglu.com\/wp\/wp-json\/wp\/v2\/media\/818"}],"wp:attachment":[{"href":"https:\/\/kalfaoglu.com\/wp\/wp-json\/wp\/v2\/media?parent=816"}],"wp:term":[{"taxonomy":"product_brand","embeddable":true,"href":"https:\/\/kalfaoglu.com\/wp\/wp-json\/wp\/v2\/product_brand?post=816"},{"taxonomy":"product_cat","embeddable":true,"href":"https:\/\/kalfaoglu.com\/wp\/wp-json\/wp\/v2\/product_cat?post=816"},{"taxonomy":"product_tag","embeddable":true,"href":"https:\/\/kalfaoglu.com\/wp\/wp-json\/wp\/v2\/product_tag?post=816"}],"curies":[{"name":"wp","href":"https:\/\/api.w.org\/{rel}","templated":true}]}}